{"id":154,"date":"2022-07-26T11:47:00","date_gmt":"2022-07-26T11:47:00","guid":{"rendered":"https:\/\/ananaletilic.com\/?page_id=154"},"modified":"2025-05-02T10:50:03","modified_gmt":"2025-05-02T10:50:03","slug":"zivotopis","status":"publish","type":"page","link":"https:\/\/ananaletilic.com\/index.php\/zivotopis\/","title":{"rendered":"Biografija"},"content":{"rendered":"\t\t<div data-elementor-type=\"wp-page\" data-elementor-id=\"154\" class=\"elementor elementor-154\">\n\t\t\t\t\t\t\t\t\t<section class=\"elementor-section elementor-top-section elementor-element elementor-element-8589b5b elementor-section-boxed elementor-section-height-default elementor-section-height-default\" data-id=\"8589b5b\" data-element_type=\"section\">\n\t\t\t\t\t\t<div class=\"elementor-container elementor-column-gap-default\">\n\t\t\t\t\t<div class=\"elementor-column elementor-col-100 elementor-top-column elementor-element elementor-element-7f55859\" data-id=\"7f55859\" data-element_type=\"column\">\n\t\t\t<div class=\"elementor-widget-wrap elementor-element-populated\">\n\t\t\t\t\t\t\t\t<div class=\"elementor-element elementor-element-683fce3 elementor-widget elementor-widget-heading\" data-id=\"683fce3\" data-element_type=\"widget\" data-widget_type=\"heading.default\">\n\t\t\t\t<div class=\"elementor-widget-container\">\n\t\t\t<style>\/*! elementor - v3.6.2 - 04-04-2022 *\/\n.elementor-heading-title{padding:0;margin:0;line-height:1}.elementor-widget-heading .elementor-heading-title[class*=elementor-size-]>a{color:inherit;font-size:inherit;line-height:inherit}.elementor-widget-heading .elementor-heading-title.elementor-size-small{font-size:15px}.elementor-widget-heading .elementor-heading-title.elementor-size-medium{font-size:19px}.elementor-widget-heading .elementor-heading-title.elementor-size-large{font-size:29px}.elementor-widget-heading .elementor-heading-title.elementor-size-xl{font-size:39px}.elementor-widget-heading .elementor-heading-title.elementor-size-xxl{font-size:59px}<\/style><h2 class=\"elementor-heading-title elementor-size-default\">Ana Naletili\u0107 Ivankovi\u0107<\/h2>\t\t<\/div>\n\t\t\t\t<\/div>\n\t\t\t\t\t<\/div>\n\t\t<\/div>\n\t\t\t\t\t\t\t<\/div>\n\t\t<\/section>\n\t\t\t\t<section class=\"elementor-section elementor-top-section elementor-element elementor-element-e1ed2f2 elementor-section-boxed elementor-section-height-default elementor-section-height-default\" data-id=\"e1ed2f2\" data-element_type=\"section\">\n\t\t\t\t\t\t<div class=\"elementor-container elementor-column-gap-default\">\n\t\t\t\t\t<div class=\"elementor-column elementor-col-50 elementor-top-column elementor-element elementor-element-faf615e\" data-id=\"faf615e\" data-element_type=\"column\">\n\t\t\t<div class=\"elementor-widget-wrap elementor-element-populated\">\n\t\t\t\t\t\t\t\t<div class=\"elementor-element elementor-element-549e319 elementor-widget elementor-widget-image\" data-id=\"549e319\" data-element_type=\"widget\" data-widget_type=\"image.default\">\n\t\t\t\t<div class=\"elementor-widget-container\">\n\t\t\t<style>\/*! elementor - v3.6.2 - 04-04-2022 *\/\n.elementor-widget-image{text-align:center}.elementor-widget-image a{display:inline-block}.elementor-widget-image a img[src$=\".svg\"]{width:48px}.elementor-widget-image img{vertical-align:middle;display:inline-block}<\/style>\t\t\t\t\t\t\t\t\t\t\t\t<img width=\"768\" height=\"1152\" src=\"https:\/\/ananaletilic.com\/wp-content\/uploads\/2023\/01\/1673254826602-768x1152.jpg\" class=\"attachment-medium_large size-medium_large\" alt=\"\" loading=\"lazy\" srcset=\"https:\/\/ananaletilic.com\/wp-content\/uploads\/2023\/01\/1673254826602-768x1152.jpg 768w, https:\/\/ananaletilic.com\/wp-content\/uploads\/2023\/01\/1673254826602-200x300.jpg 200w, https:\/\/ananaletilic.com\/wp-content\/uploads\/2023\/01\/1673254826602-683x1024.jpg 683w, https:\/\/ananaletilic.com\/wp-content\/uploads\/2023\/01\/1673254826602-1024x1536.jpg 1024w, https:\/\/ananaletilic.com\/wp-content\/uploads\/2023\/01\/1673254826602-1365x2048.jpg 1365w, https:\/\/ananaletilic.com\/wp-content\/uploads\/2023\/01\/1673254826602-scaled.jpg 1707w\" sizes=\"(max-width: 768px) 100vw, 768px\" \/>\t\t\t\t\t\t\t\t\t\t\t\t\t\t\t<\/div>\n\t\t\t\t<\/div>\n\t\t\t\t\t<\/div>\n\t\t<\/div>\n\t\t\t\t<div class=\"elementor-column elementor-col-50 elementor-top-column elementor-element elementor-element-ea6fe3e\" data-id=\"ea6fe3e\" data-element_type=\"column\">\n\t\t\t<div class=\"elementor-widget-wrap elementor-element-populated\">\n\t\t\t\t\t\t\t\t<div class=\"elementor-element elementor-element-5fea1a4 elementor-widget elementor-widget-text-editor\" data-id=\"5fea1a4\" data-element_type=\"widget\" data-widget_type=\"text-editor.default\">\n\t\t\t\t<div class=\"elementor-widget-container\">\n\t\t\t<style>\/*! elementor - v3.6.2 - 04-04-2022 *\/\n.elementor-widget-text-editor.elementor-drop-cap-view-stacked .elementor-drop-cap{background-color:#818a91;color:#fff}.elementor-widget-text-editor.elementor-drop-cap-view-framed .elementor-drop-cap{color:#818a91;border:3px solid;background-color:transparent}.elementor-widget-text-editor:not(.elementor-drop-cap-view-default) .elementor-drop-cap{margin-top:8px}.elementor-widget-text-editor:not(.elementor-drop-cap-view-default) .elementor-drop-cap-letter{width:1em;height:1em}.elementor-widget-text-editor .elementor-drop-cap{float:left;text-align:center;line-height:1;font-size:50px}.elementor-widget-text-editor .elementor-drop-cap-letter{display:inline-block}<\/style>\t\t\t\t<p>Ana Naletili\u0107 Ivankovi\u0107, ro\u0111ena 23. travnja 1994. godine, diplomirala je na Akademiji likovnih umjetnosti u \u0160irokom Brijegu 2018. godine, na odsjeku grafike u klasi Igora Dragi\u010devi\u0107a. Do sada je imala sedam samostalnih izlo\u017ebi i sudjelovala na brojnim skupnim izlo\u017ebama u Bosni i Hercegovini te Hrvatskoj. 2018. godine osvojila je prvu nagradu za idejno rje\u0161enje u projektu Stvarnog poslovnog slu\u010daja, u suradnji s Op\u0107inom \u0160iroki Brijeg i Akademijom likovnih umjetnosti u \u0160irokom Brijegu, pod pokroviteljstvom EU ProLocal projekta. Od 2025. godine radi kao asistent na odsjeku grafike na Akademiji likovnih umjetnosti u \u0160irokom Brijegu. Na istoj akademiji, od 2023. godine, poha\u0111a doktorski sveu\u010dili\u0161ni studij ARS SACRA. Uz umjetni\u010dki rad, bavi se i dizajnom te ilustracijom.<\/p><p><span style=\"font-family: var( --e-global-typography-text-font-family ), Sans-serif; font-weight: var( --e-global-typography-text-font-weight ); font-size: 1rem;\">\u00a0<\/span><\/p><p><b>SAMOSTALNE IZLO\u017dBE:<br \/><!--[endif]--><\/b><\/p><p>2018. \/ \u0160iroki Brijeg \/ Franjeva\u010dki muzej i galerija \u0160iroki<br \/>Brijeg \/ <i>Tranzicija u crnom<\/i><\/p><p>2019. \/ Tuzla \/ Galerija Kristian Krekovi\u0107 \/ <i>\u010covjeka<br \/>treba spa\u0161avati<\/i><\/p><p>2020. \/ Online izlo\u017eba \/ \u201eJoMi Gallery\u201c www.artsteps.com\/ <i>\u010covjeka<br \/>treba spa\u0161avati<\/i><\/p><p>2021. \/ Mostar \/ Galerija Rondo \/ <i>Nije nam bilo u planu<\/i><\/p><p>2022. \/ \u0160iroki Brijeg \/ Franjeva\u010dki muzej i galerija \u0160iroki<br \/>Brijeg \/ <i>Ovdje i sada = jedina vje\u010dnost<\/i><\/p><p>2025. \/ Sarajevo \/ Umjetni\u010dka galerija BiH \/ <em>Osje\u0107am, ni\u0161ta mi ne promi\u010de<\/em><\/p><p>2025. \/ \u0160iroki Brijeg \/ Galerija Vrba \/<em> Svakoga dana u svakom pogledu sve vi\u0161e vidim<\/em><\/p><p><i>\u00a0<\/i><\/p><p><b>SKUPNE IZLO\u017dBE:<\/b><\/p><p>2016. \/ Banja Luka \/ EU info centar \/ <em>Izlo\u017eba radova<\/em><br \/><em>studenata likovnih akademija u BiH<\/em><\/p><p>2017. \/ \u0160iroki Brijeg \/ Akademija likovnih umjetnosti \/ Izlo\u017eba radova studenata<\/p><p>2017. \/ \u0160iroki Brijeg \/ <i>West Herzegovina Fest<\/i><\/p><p>2018. \/ Me\u0111ugorje \/ XVI Me\u0111unarodna izlo\u017eba <i>Privatno i javno<\/i><\/p><p>2019. \/ \u0160iroki Brijeg, Livno, Tomislavgrad, Bugojno,<br \/>\u010capljinu, Stolac, Ljubu\u0161ki, \u010citluk, Vitez, \u017dep\u010de, Sarajevo i Ora\u0161je i 20<br \/>gradova u Republici Hrvatskoj \/ Humanitarna putuju\u0107a izlo\u017eba <i>Pomozimo<br \/>zajedno<\/i><\/p><p>2019. \/ \u0160iroki Brijeg \/ XVII <em>Me\u0111unarodna izlo\u017eba Privatno i javno<\/em><\/p><p>2020. \/ \u0160iroki Brijeg \/ Galerija Vrba\/ <i>2 godine 2 mjeseca<br \/>2 dan<\/i><\/p><p>2022. \/ Sarajevo \/ Historijski muzej BiH \/ <i>Novi talasi<\/i><\/p><p>2023. \/ \u0160iroki Brijeg \/ XXI. <em>Me\u0111unarodna izlo\u017eba Privatno i javno<\/em><\/p><p>2024. \/ Mostar \/ Galerija kraljice Katarine Kosa\u010de\/\u00a0 <em>Izlo\u017eba studenata i djelatnika Akademije likovnih umjetnosti \u0160iroki Brijeg &#8211; izbor radova<\/em><\/p><p><b>NAGRADE:<\/b><\/p><p>2018. \/ Osvojena prva nagrada s idejnim rje\u0161enjem u projektu<br \/>Stvarnog poslovnog slu\u010daja u suradnji s Op\u0107inom \u0160iroki Brijeg i Akademijom<br \/>likovnih umjetnosti na \u0160irokom Brijegu te poduze\u0107a Pavkovi\u0107 Paneli d.o.o. iz<br \/>\u0160irokog Brijega pod pokroviteljstvom EU ProLocal projekta<\/p>\t\t\t\t\t\t<\/div>\n\t\t\t\t<\/div>\n\t\t\t\t\t<\/div>\n\t\t<\/div>\n\t\t\t\t\t\t\t<\/div>\n\t\t<\/section>\n\t\t\t\t<section class=\"elementor-section elementor-top-section elementor-element elementor-element-d95fc2b elementor-section-boxed elementor-section-height-default elementor-section-height-default\" data-id=\"d95fc2b\" data-element_type=\"section\">\n\t\t\t\t\t\t<div class=\"elementor-container elementor-column-gap-default\">\n\t\t\t\t\t<div class=\"elementor-column elementor-col-100 elementor-top-column elementor-element elementor-element-e4ab076\" data-id=\"e4ab076\" data-element_type=\"column\">\n\t\t\t<div class=\"elementor-widget-wrap\">\n\t\t\t\t\t\t\t\t\t<\/div>\n\t\t<\/div>\n\t\t\t\t\t\t\t<\/div>\n\t\t<\/section>\n\t\t\t\t\t\t\t<\/div>\n\t\t","protected":false},"excerpt":{"rendered":"<p>Ana Naletili\u0107 Ivankovi\u0107 Ana Naletili\u0107 Ivankovi\u0107, ro\u0111ena 23. travnja 1994. godine, diplomirala je na Akademiji likovnih umjetnosti u \u0160irokom Brijegu 2018. godine, na odsjeku grafike u klasi Igora Dragi\u010devi\u0107a. Do sada je imala sedam samostalnih izlo\u017ebi i sudjelovala na brojnim skupnim izlo\u017ebama u Bosni i Hercegovini te Hrvatskoj. 2018. godine osvojila je prvu nagradu za [&hellip;]<\/p>\n","protected":false},"author":2,"featured_media":0,"parent":0,"menu_order":0,"comment_status":"closed","ping_status":"closed","template":"","meta":[],"_links":{"self":[{"href":"https:\/\/ananaletilic.com\/index.php\/wp-json\/wp\/v2\/pages\/154"}],"collection":[{"href":"https:\/\/ananaletilic.com\/index.php\/wp-json\/wp\/v2\/pages"}],"about":[{"href":"https:\/\/ananaletilic.com\/index.php\/wp-json\/wp\/v2\/types\/page"}],"author":[{"embeddable":true,"href":"https:\/\/ananaletilic.com\/index.php\/wp-json\/wp\/v2\/users\/2"}],"replies":[{"embeddable":true,"href":"https:\/\/ananaletilic.com\/index.php\/wp-json\/wp\/v2\/comments?post=154"}],"version-history":[{"count":103,"href":"https:\/\/ananaletilic.com\/index.php\/wp-json\/wp\/v2\/pages\/154\/revisions"}],"predecessor-version":[{"id":1908,"href":"https:\/\/ananaletilic.com\/index.php\/wp-json\/wp\/v2\/pages\/154\/revisions\/1908"}],"wp:attachment":[{"href":"https:\/\/ananaletilic.com\/index.php\/wp-json\/wp\/v2\/media?parent=154"}],"curies":[{"name":"wp","href":"https:\/\/api.w.org\/{rel}","templated":true}]}}